{"id":97,"date":"2022-01-27T10:58:35","date_gmt":"2022-01-27T10:58:35","guid":{"rendered":"http:\/\/cognito.mprinsdesign.nl\/?page_id=97"},"modified":"2025-06-19T15:54:14","modified_gmt":"2025-06-19T15:54:14","slug":"ubicacion","status":"publish","type":"page","link":"https:\/\/coralmijas.com\/es\/ubicacion\/","title":{"rendered":"Ubicaci\u00f3n"},"content":{"rendered":"<section class=\"wpb-content-wrapper\"><div  class=\"content_row row page-content vc_row wpb_row  default-style fullwidth\" >\n\t\n\t<div class=\"content_row_wrapper  default\" >\n\t<div id=\"asdasd\" class=\"vc_col-sm-12 wpb_column vc_column_container\" >\n\t<div class=\"vc_column-inner\">\n\t\t<div class=\"wpb_wrapper\" >\n\t\t\t<div class=\"rt_heading_wrapper no-style\">\n\t\t\t\t\t\t<h1 class=\"rt_heading  no-style\"  style=\"font-size:24px;margin-top:24px;margin-bottom:0px;\">Ubicaci\u00f3n - <span class=\"after_h1\">Laguna One Mijas<\/span><\/h1> \n\t\t\t\t\t<\/div><div class=\"vc_empty_space\"   style=\"height: 32px\"><span class=\"vc_empty_space_inner\"><\/span><\/div><div class=\"vc_separator wpb_content_element vc_separator_align_center vc_sep_width_100 vc_sep_style-4 vc_sep_pos_align_center vc_separator_no_text vc_sep_color_grey\" ><span class=\"vc_sep_holder vc_sep_holder_l\"><span class=\"vc_sep_line\"><\/span><\/span><span class=\"vc_sep_holder vc_sep_holder_r\"><span class=\"vc_sep_line\"><\/span><\/span>\n<\/div>\n\t\t<\/div>\n\t<\/div>\n\t<\/div>\n\n<\/div>\n<\/div>\n\n<div  class=\"content_row row room-list vc_row wpb_row  default-style fullwidth\" >\n\t\n\t<div class=\"content_row_wrapper  fullwidth\" >\n\t<div id=\"asdasd\" class=\"vc_col-sm-12 wpb_column vc_column_container\" >\n\t<div class=\"vc_column-inner\">\n\t\t<div class=\"wpb_wrapper\" >\n\t\t\t<div class=\"google_map_holder\" data-height=\"300\" data-scope=\"#map-225009\" data-bw=\"\">\n\n\t\t\t<div id=\"map-225009\" class=\"google_map\"><\/div>\n\t\t\t<script type=\"text\/javascript\">\n\t\t\t \/* <![CDATA[ *\/ \n\t\t\t\t\/\/ Runs google maps\t\n\t\t\t\t\tjQuery(function() {\n\t\t\t\t\t\tjQuery(\"#map-225009\").rt_maps([[\"Laguna Mijas\", 36.499797382855455, -4.713162652442705, 4,\"\"],],10); \n\t\t\t\t\t});\n\t\t\t\/* ]]> *\/\t\n\t\t\t<\/script>\n\n\t\t<\/div><div class=\"vc_empty_space\"   style=\"height: 180px\"><span class=\"vc_empty_space_inner\"><\/span><\/div>\n\t<div class=\"wpb_text_column wpb_content_element\" >\n\t\t<div class=\"wpb_wrapper\">\n\t\t\t<p><strong>RIVIERA DEL SOL <\/strong>Es una zona residencial muy popular en Mijas, en plena Costa del Sol, con excelentes conexiones con todos los pueblos costeros famosos. Llegar\u00e1s a Fuengirola o Marbella enseguida, cerca de las playas de Calahona y La Cala de Mijas.<\/p>\n<p><strong><em>Todo lo que necesitas est\u00e1 a un corto paseo a pie o en coche.<\/em><\/strong><\/p>\n\n\t\t<\/div>\n\t<\/div>\n\n\t<div  class=\"wpb_single_image wpb_content_element vc_align_center\">\n\t\t\n\t\t<figure class=\"wpb_wrapper vc_figure\">\n\t\t\t<div class=\"vc_single_image-wrapper   vc_box_border_grey\"><img fetchpriority=\"high\" decoding=\"async\" width=\"1539\" height=\"553\" src=\"https:\/\/coralmijas.com\/wp-content\/uploads\/sites\/55\/2025\/03\/stranden-los-boliches-Laguna-Mijas.jpg\" class=\"vc_single_image-img attachment-full\" alt=\"las pelotas - playa\" title=\"Playas-Los-Boliches-Laguna-Mijas\" srcset=\"https:\/\/coralmijas.com\/wp-content\/uploads\/sites\/55\/2025\/03\/stranden-los-boliches-Laguna-Mijas.jpg 1539w, https:\/\/coralmijas.com\/wp-content\/uploads\/sites\/55\/2025\/03\/stranden-los-boliches-Laguna-Mijas-300x108.jpg 300w, https:\/\/coralmijas.com\/wp-content\/uploads\/sites\/55\/2025\/03\/stranden-los-boliches-Laguna-Mijas-1024x368.jpg 1024w, https:\/\/coralmijas.com\/wp-content\/uploads\/sites\/55\/2025\/03\/stranden-los-boliches-Laguna-Mijas-768x276.jpg 768w, https:\/\/coralmijas.com\/wp-content\/uploads\/sites\/55\/2025\/03\/stranden-los-boliches-Laguna-Mijas-1536x552.jpg 1536w, https:\/\/coralmijas.com\/wp-content\/uploads\/sites\/55\/2025\/03\/stranden-los-boliches-Laguna-Mijas-18x6.jpg 18w\" sizes=\"(max-width: 1539px) 100vw, 1539px\" \/><\/div>\n\t\t<\/figure>\n\t<\/div>\n<div class=\"vc_btn3-container vc_btn3-center\" ><a class=\"vc_general vc_btn3 vc_btn3-size-md vc_btn3-shape-square vc_btn3-style-modern vc_btn3-color-warning\" href=\"https:\/\/coralmijas.com\/es\/mas-informacion\/\" title=\"M\u00e1s informaci\u00f3n\">SOLICITAR PAQUETE DE INFORMACI\u00d3N<\/a><\/div>\n\t<div class=\"wpb_text_column wpb_content_element\" >\n\t\t<div class=\"wpb_wrapper\">\n\t\t\t<h3><span style=\"font-weight: 400;\">Zona Riviera del Sol\/Mijas Costa<\/span><\/h3>\n<p><span style=\"font-weight: 400;\">Riviera del Sol es una zona popular y vibrante en Mijas Costa, estrat\u00e9gicamente ubicada entre las vibrantes ciudades de Marbella y Fuengirola en la Costa del Sol, Espa\u00f1a. Es conocida por su equilibrio perfecto entre la relajada vida costera y las comodidades modernas, lo que la convierte en un destino ideal tanto para residentes permanentes como para turistas.<\/span><\/p>\n<p><span style=\"font-weight: 400;\">A continuaci\u00f3n encontrar\u00e1 m\u00e1s informaci\u00f3n sobre la zona:<\/span><\/p>\n<p><b>Caracter\u00edsticas generales y particularidades:<\/b><\/p>\n<ul>\n<li style=\"font-weight: 400;\" aria-level=\"1\"><b>Ubicaci\u00f3n:<\/b><span style=\"font-weight: 400;\"> Riviera del Sol se beneficia de una posici\u00f3n elevada, que ofrece impresionantes vistas al mar Mediterr\u00e1neo y a la extensa costa.<\/span><\/li>\n<li style=\"font-weight: 400;\" aria-level=\"1\"><b>Paz y vitalidad:<\/b><span style=\"font-weight: 400;\"> Es una zona tranquila, pero cerca de todos los servicios. Encontrar\u00e1 varios supermercados, tiendas, bares y restaurantes.<\/span><\/li>\n<li style=\"font-weight: 400;\" aria-level=\"1\"><b>Accesibilidad:<\/b><span style=\"font-weight: 400;\"> Su proximidad a la autov\u00eda A-7 facilita el acceso a las ciudades cercanas. El Aeropuerto Internacional de M\u00e1laga est\u00e1 a solo unos 30 minutos, lo que lo convierte en una opci\u00f3n ideal para compradores internacionales y expatriados.<\/span><\/li>\n<li style=\"font-weight: 400;\" aria-level=\"1\"><b>Infraestructura:<\/b><span style=\"font-weight: 400;\"> El \u00e1rea est\u00e1 experimentando mejoras continuas de infraestructura, incluidos nuevos proyectos recreativos y mejores opciones de transporte.<\/span><\/li>\n<li style=\"font-weight: 400;\" aria-level=\"1\"><b>Apto para familias:<\/b><span style=\"font-weight: 400;\"> Riviera del Sol ofrece excelentes instalaciones para familias, incluyendo buenas escuelas, atenci\u00f3n m\u00e9dica moderna y muchas actividades al aire libre.<\/span><\/li>\n<\/ul>\n<p><b>Cosas que ver y hacer en Riviera del Sol y sus alrededores:<\/b><\/p>\n<ul>\n<li style=\"font-weight: 400;\" aria-level=\"1\"><b>Para\u00edso del golf:<\/b><span style=\"font-weight: 400;\"> Riviera del Sol es un para\u00edso para los amantes del golf. Limita con el popular <\/span><b>Club de Golf Miraflores<\/b><span style=\"font-weight: 400;\">Un hermoso campo de golf de 18 hoyos. En las inmediaciones tambi\u00e9n encontrar\u00e1 otros campos de golf famosos como Calanova Golf y La Noria Golf.<\/span><\/li>\n<li style=\"font-weight: 400;\" aria-level=\"1\"><b>Playas:<\/b><span style=\"font-weight: 400;\"> La zona es conocida por sus amplias y limpias playas de aguas cristalinas. <\/span><b>Playa Riviera<\/b><span style=\"font-weight: 400;\"> Es una de las playas que se encuentra directamente en la urbanizaci\u00f3n Riviera del Sol y es relativamente tranquila. Tambi\u00e9n playas cercanas como <\/span><b>Playa de Cabopino<\/b><span style=\"font-weight: 400;\"> (con una famosa playa nudista), <\/span><b>Playa Royal Beach<\/b><span style=\"font-weight: 400;\"> (conocida por su limpieza e instalaciones) y las playas de Calahonda son populares.<\/span><\/li>\n<li style=\"font-weight: 400;\" aria-level=\"1\"><b>Parques acu\u00e1ticos:<\/b><span style=\"font-weight: 400;\"> Para las familias es <\/span><b>Parque acu\u00e1tico de Mijas<\/b><span style=\"font-weight: 400;\"> Un gran d\u00eda con toboganes de agua, piscinas de olas y lagos.<\/span><\/li>\n<li style=\"font-weight: 400;\" aria-level=\"1\"><b>Caminar y andar en bicicleta:<\/b><span style=\"font-weight: 400;\"> La zona ofrece numerosas oportunidades para actividades al aire libre, como senderismo y ciclismo. Con el nuevo tramo del paseo mar\u00edtimo entre Riviera del Sol y La Cala, el ciclismo es una forma popular de explorar la costa.<\/span><\/li>\n<li style=\"font-weight: 400;\" aria-level=\"1\"><b>Pueblos blancos:<\/b><span style=\"font-weight: 400;\"> Cerca se encuentra el pintoresco pueblo blanco. <\/span><b>Mijas Pueblo<\/b><span style=\"font-weight: 400;\">Conocida por sus encantadoras calles, burros taxi y vistas a la costa, aqu\u00ed podr\u00e1 visitar el Santuario de la Virgen de la Pe\u00f1a (una capilla excavada en la roca) y la singular plaza de toros ovalada.<\/span><\/li>\n<li style=\"font-weight: 400;\" aria-level=\"1\"><b>Parque y jardines de la Princesa Diana:<\/b><span style=\"font-weight: 400;\"> Un parque tranquilo en Riviera del Sol para relajarse bajo el sol.<\/span><\/li>\n<li style=\"font-weight: 400;\" aria-level=\"1\"><b>Compras y restaurantes:<\/b><span style=\"font-weight: 400;\"> Riviera del Sol ofrece una amplia gama de restaurantes, bares y cafeter\u00edas, desde platos andaluces hasta cocina internacional. Hay centros comerciales m\u00e1s peque\u00f1os como Las Terrazas y Riviera Plaza. Para compras m\u00e1s extensas, los grandes centros comerciales La Ca\u00f1ada (Marbella) y Miramar (Fuengirola) est\u00e1n a poca distancia en coche.<\/span><\/li>\n<li style=\"font-weight: 400;\" aria-level=\"1\"><b>Excursiones de un d\u00eda:<\/b>\n<ul>\n<li style=\"font-weight: 400;\" aria-level=\"2\"><b>Marbella y Puerto Ban\u00fas:<\/b><span style=\"font-weight: 400;\"> A s\u00f3lo 15 minutos en coche se encuentra el moderno complejo tur\u00edstico de Marbella, con sus boutiques de lujo, clubes de playa y el glamuroso puerto deportivo de Puerto Ban\u00fas.<\/span><\/li>\n<li style=\"font-weight: 400;\" aria-level=\"2\"><b>Fuengirola:<\/b><span style=\"font-weight: 400;\"> Ofrece un ambiente agradable, un largo bulevar, el Castillo Sohail (un castillo hist\u00f3rico), el Bioparc (un zool\u00f3gico) y varias tiendas y restaurantes.<\/span><\/li>\n<li style=\"font-weight: 400;\" aria-level=\"2\"><b>Ciudad de M\u00e1laga:<\/b><span style=\"font-weight: 400;\"> A unos 30 minutos en coche, con atracciones culturales como el Museo Picasso, la Alcazaba (fortaleza \u00e1rabe) y un animado centro de la ciudad.<\/span><\/li>\n<li style=\"font-weight: 400;\" aria-level=\"2\"><b>Ronda:<\/b><span style=\"font-weight: 400;\"> Famoso por su impresionante puente sobre un profundo desfiladero y su ambiente hist\u00f3rico.<\/span><\/li>\n<li style=\"font-weight: 400;\" aria-level=\"2\"><b>Caminito del Rey:<\/b><span style=\"font-weight: 400;\"> Para el viajero aventurero, una espectacular ruta de senderismo a trav\u00e9s de un desfiladero.<\/span><\/li>\n<li style=\"font-weight: 400;\" aria-level=\"2\"><b>Gibraltar:<\/b><span style=\"font-weight: 400;\"> Un viaje a Gibraltar ofrece una mezcla \u00fanica de cultura brit\u00e1nica y andaluza, con el famoso Pe\u00f1\u00f3n de Gibraltar y sus monos de Berber\u00eda.<\/span><\/li>\n<\/ul>\n<\/li>\n<\/ul>\n<p><span style=\"font-weight: 400;\">En resumen, Riviera del Sol ofrece una atractiva combinaci\u00f3n de relajada vida de playa, excelente golf y f\u00e1cil acceso a las vibrantes ciudades y atracciones de la Costa del Sol, lo que lo convierte en un lugar ideal para una variedad de turistas y residentes.<\/span><\/p>\n\n\t\t<\/div>\n\t<\/div>\n\n\t<div  class=\"wpb_single_image wpb_content_element vc_align_center\">\n\t\t\n\t\t<figure class=\"wpb_wrapper vc_figure\">\n\t\t\t<div class=\"vc_single_image-wrapper   vc_box_border_grey\"><img decoding=\"async\" width=\"929\" height=\"617\" src=\"https:\/\/coralmijas.com\/wp-content\/uploads\/sites\/55\/2025\/06\/miraflores-golf-club-coral-mijas.png\" class=\"vc_single_image-img attachment-full\" alt=\"club de golf\" title=\"club-de-golf-miraflores-coral-mijas\" srcset=\"https:\/\/coralmijas.com\/wp-content\/uploads\/sites\/55\/2025\/06\/miraflores-golf-club-coral-mijas.png 929w, https:\/\/coralmijas.com\/wp-content\/uploads\/sites\/55\/2025\/06\/miraflores-golf-club-coral-mijas-300x199.png 300w, https:\/\/coralmijas.com\/wp-content\/uploads\/sites\/55\/2025\/06\/miraflores-golf-club-coral-mijas-768x510.png 768w, https:\/\/coralmijas.com\/wp-content\/uploads\/sites\/55\/2025\/06\/miraflores-golf-club-coral-mijas-18x12.png 18w\" sizes=\"(max-width: 929px) 100vw, 929px\" \/><\/div>\n\t\t<\/figure>\n\t<\/div>\n<div class=\"vc_btn3-container vc_btn3-center\" ><a class=\"vc_general vc_btn3 vc_btn3-size-md vc_btn3-shape-square vc_btn3-style-modern vc_btn3-color-warning\" href=\"https:\/\/coralmijas.com\/es\/mas-informacion\/\" title=\"M\u00e1s informaci\u00f3n\">SOLICITAR PAQUETE DE INFORMACI\u00d3N<\/a><\/div>\n\t\t<\/div>\n\t<\/div>\n\t<\/div>\n\n<\/div>\n<\/div>\n\n<div  class=\"content_row row vc_row wpb_row  default-style fullwidth\" >\n\t\n\t<div class=\"content_row_wrapper  default\" >\n\t<div id=\"asdasd\" class=\"vc_col-sm-12 wpb_column vc_column_container\" >\n\t<div class=\"vc_column-inner\">\n\t\t<div class=\"wpb_wrapper\" >\n\t\t\t\n\t\t<\/div>\n\t<\/div>\n\t<\/div>\n\n<\/div>\n<\/div>\n<\/section>","protected":false},"excerpt":{"rendered":"<p>\u2026 <a class=\"more-link\" href=\"https:\/\/coralmijas.com\/es\/ubicacion\/\">sigue leyendo<\/a><\/p>","protected":false},"author":1,"featured_media":4273,"parent":0,"menu_order":5,"comment_status":"closed","ping_status":"closed","template":"","meta":{"footnotes":""},"class_list":["post-97","page","type-page","status-publish","has-post-thumbnail","hentry"],"yoast_head":"<!-- This site is optimized with the Yoast SEO plugin v26.0 - https:\/\/yoast.com\/wordpress\/plugins\/seo\/ -->\n<title>Locatie - Coral Mijas<\/title>\n<meta name=\"robots\" content=\"index, follow, max-snippet:-1, max-image-preview:large, max-video-preview:-1\" \/>\n<link rel=\"canonical\" href=\"https:\/\/coralmijas.com\/es\/ubicacion\/\" \/>\n<meta property=\"og:locale\" content=\"es_ES\" \/>\n<meta property=\"og:type\" content=\"article\" \/>\n<meta property=\"og:title\" content=\"Locatie - Coral Mijas\" \/>\n<meta property=\"og:url\" content=\"https:\/\/coralmijas.com\/es\/ubicacion\/\" \/>\n<meta property=\"og:site_name\" content=\"Coral Mijas\" \/>\n<meta property=\"article:modified_time\" content=\"2025-06-19T15:54:14+00:00\" \/>\n<meta property=\"og:image\" content=\"https:\/\/coralmijas.com\/wp-content\/uploads\/sites\/55\/2025\/06\/Aerea-1-1-scaled.jpg\" \/>\n\t<meta property=\"og:image:width\" content=\"2560\" \/>\n\t<meta property=\"og:image:height\" content=\"1350\" \/>\n\t<meta property=\"og:image:type\" content=\"image\/jpeg\" \/>\n<meta name=\"twitter:card\" content=\"summary_large_image\" \/>\n<meta name=\"twitter:label1\" content=\"Tiempo de lectura\" \/>\n\t<meta name=\"twitter:data1\" content=\"5 minutos\" \/>\n<script type=\"application\/ld+json\" class=\"yoast-schema-graph\">{\"@context\":\"https:\/\/schema.org\",\"@graph\":[{\"@type\":\"WebPage\",\"@id\":\"https:\/\/coralmijas.com\/locatie\/\",\"url\":\"https:\/\/coralmijas.com\/locatie\/\",\"name\":\"Locatie - Coral Mijas\",\"isPartOf\":{\"@id\":\"https:\/\/coralmijas.com\/#website\"},\"primaryImageOfPage\":{\"@id\":\"https:\/\/coralmijas.com\/locatie\/#primaryimage\"},\"image\":{\"@id\":\"https:\/\/coralmijas.com\/locatie\/#primaryimage\"},\"thumbnailUrl\":\"https:\/\/coralmijas.com\/wp-content\/uploads\/sites\/55\/2025\/06\/Aerea-1-1-scaled.jpg\",\"datePublished\":\"2022-01-27T10:58:35+00:00\",\"dateModified\":\"2025-06-19T15:54:14+00:00\",\"breadcrumb\":{\"@id\":\"https:\/\/coralmijas.com\/locatie\/#breadcrumb\"},\"inLanguage\":\"es\",\"potentialAction\":[{\"@type\":\"ReadAction\",\"target\":[\"https:\/\/coralmijas.com\/locatie\/\"]}]},{\"@type\":\"ImageObject\",\"inLanguage\":\"es\",\"@id\":\"https:\/\/coralmijas.com\/locatie\/#primaryimage\",\"url\":\"https:\/\/coralmijas.com\/wp-content\/uploads\/sites\/55\/2025\/06\/Aerea-1-1-scaled.jpg\",\"contentUrl\":\"https:\/\/coralmijas.com\/wp-content\/uploads\/sites\/55\/2025\/06\/Aerea-1-1-scaled.jpg\",\"width\":2560,\"height\":1350},{\"@type\":\"BreadcrumbList\",\"@id\":\"https:\/\/coralmijas.com\/locatie\/#breadcrumb\",\"itemListElement\":[{\"@type\":\"ListItem\",\"position\":1,\"name\":\"Home\",\"item\":\"https:\/\/coralmijas.com\/\"},{\"@type\":\"ListItem\",\"position\":2,\"name\":\"Locatie\"}]},{\"@type\":\"WebSite\",\"@id\":\"https:\/\/coralmijas.com\/#website\",\"url\":\"https:\/\/coralmijas.com\/\",\"name\":\"Coral Mijas\",\"description\":\"Nieuwbouw Riviera del Sol - Mijas Costa\",\"potentialAction\":[{\"@type\":\"SearchAction\",\"target\":{\"@type\":\"EntryPoint\",\"urlTemplate\":\"https:\/\/coralmijas.com\/?s={search_term_string}\"},\"query-input\":{\"@type\":\"PropertyValueSpecification\",\"valueRequired\":true,\"valueName\":\"search_term_string\"}}],\"inLanguage\":\"es\"}]}<\/script>\n<!-- \/ Yoast SEO plugin. -->","yoast_head_json":{"title":"Ubicaci\u00f3n - Coral Mijas","robots":{"index":"index","follow":"follow","max-snippet":"max-snippet:-1","max-image-preview":"max-image-preview:large","max-video-preview":"max-video-preview:-1"},"canonical":"https:\/\/coralmijas.com\/es\/ubicacion\/","og_locale":"es_ES","og_type":"article","og_title":"Locatie - Coral Mijas","og_url":"https:\/\/coralmijas.com\/es\/ubicacion\/","og_site_name":"Coral Mijas","article_modified_time":"2025-06-19T15:54:14+00:00","og_image":[{"width":2560,"height":1350,"url":"https:\/\/coralmijas.com\/wp-content\/uploads\/sites\/55\/2025\/06\/Aerea-1-1-scaled.jpg","type":"image\/jpeg"}],"twitter_card":"summary_large_image","twitter_misc":{"Tiempo de lectura":"5 minutos"},"schema":{"@context":"https:\/\/schema.org","@graph":[{"@type":"WebPage","@id":"https:\/\/coralmijas.com\/locatie\/","url":"https:\/\/coralmijas.com\/locatie\/","name":"Ubicaci\u00f3n - Coral Mijas","isPartOf":{"@id":"https:\/\/coralmijas.com\/#website"},"primaryImageOfPage":{"@id":"https:\/\/coralmijas.com\/locatie\/#primaryimage"},"image":{"@id":"https:\/\/coralmijas.com\/locatie\/#primaryimage"},"thumbnailUrl":"https:\/\/coralmijas.com\/wp-content\/uploads\/sites\/55\/2025\/06\/Aerea-1-1-scaled.jpg","datePublished":"2022-01-27T10:58:35+00:00","dateModified":"2025-06-19T15:54:14+00:00","breadcrumb":{"@id":"https:\/\/coralmijas.com\/locatie\/#breadcrumb"},"inLanguage":"es","potentialAction":[{"@type":"ReadAction","target":["https:\/\/coralmijas.com\/locatie\/"]}]},{"@type":"ImageObject","inLanguage":"es","@id":"https:\/\/coralmijas.com\/locatie\/#primaryimage","url":"https:\/\/coralmijas.com\/wp-content\/uploads\/sites\/55\/2025\/06\/Aerea-1-1-scaled.jpg","contentUrl":"https:\/\/coralmijas.com\/wp-content\/uploads\/sites\/55\/2025\/06\/Aerea-1-1-scaled.jpg","width":2560,"height":1350},{"@type":"BreadcrumbList","@id":"https:\/\/coralmijas.com\/locatie\/#breadcrumb","itemListElement":[{"@type":"ListItem","position":1,"name":"Home","item":"https:\/\/coralmijas.com\/"},{"@type":"ListItem","position":2,"name":"Locatie"}]},{"@type":"WebSite","@id":"https:\/\/coralmijas.com\/#website","url":"https:\/\/coralmijas.com\/","name":"Coral Mijas","description":"Obra nueva Riviera del Sol - Mijas Costa","potentialAction":[{"@type":"SearchAction","target":{"@type":"EntryPoint","urlTemplate":"https:\/\/coralmijas.com\/?s={search_term_string}"},"query-input":{"@type":"PropertyValueSpecification","valueRequired":true,"valueName":"search_term_string"}}],"inLanguage":"es"}]}},"_links":{"self":[{"href":"https:\/\/coralmijas.com\/es\/wp-json\/wp\/v2\/pages\/97","targetHints":{"allow":["GET"]}}],"collection":[{"href":"https:\/\/coralmijas.com\/es\/wp-json\/wp\/v2\/pages"}],"about":[{"href":"https:\/\/coralmijas.com\/es\/wp-json\/wp\/v2\/types\/page"}],"author":[{"embeddable":true,"href":"https:\/\/coralmijas.com\/es\/wp-json\/wp\/v2\/users\/1"}],"replies":[{"embeddable":true,"href":"https:\/\/coralmijas.com\/es\/wp-json\/wp\/v2\/comments?post=97"}],"version-history":[{"count":27,"href":"https:\/\/coralmijas.com\/es\/wp-json\/wp\/v2\/pages\/97\/revisions"}],"predecessor-version":[{"id":4313,"href":"https:\/\/coralmijas.com\/es\/wp-json\/wp\/v2\/pages\/97\/revisions\/4313"}],"wp:featuredmedia":[{"embeddable":true,"href":"https:\/\/coralmijas.com\/es\/wp-json\/wp\/v2\/media\/4273"}],"wp:attachment":[{"href":"https:\/\/coralmijas.com\/es\/wp-json\/wp\/v2\/media?parent=97"}],"curies":[{"name":"wp","href":"https:\/\/api.w.org\/{rel}","templated":true}]}}