{"id":97,"date":"2022-01-27T10:58:35","date_gmt":"2022-01-27T10:58:35","guid":{"rendered":"http:\/\/cognito.mprinsdesign.nl\/?page_id=97"},"modified":"2025-06-19T15:54:14","modified_gmt":"2025-06-19T15:54:14","slug":"posizione","status":"publish","type":"page","link":"https:\/\/coralmijas.com\/it\/posizione\/","title":{"rendered":"Posizione"},"content":{"rendered":"<section class=\"wpb-content-wrapper\"><div  class=\"content_row row page-content vc_row wpb_row  default-style fullwidth\" >\n\t\n\t<div class=\"content_row_wrapper  default\" >\n\t<div id=\"asdasd\" class=\"vc_col-sm-12 wpb_column vc_column_container\" >\n\t<div class=\"vc_column-inner\">\n\t\t<div class=\"wpb_wrapper\" >\n\t\t\t<div class=\"rt_heading_wrapper no-style\">\n\t\t\t\t\t\t<h1 class=\"rt_heading  no-style\"  style=\"font-size:24px;margin-top:24px;margin-bottom:0px;\">Posizione - <span class=\"after_h1\">Laguna One Mijas<\/span><\/h1> \n\t\t\t\t\t<\/div><div class=\"vc_empty_space\"   style=\"height: 32px\"><span class=\"vc_empty_space_inner\"><\/span><\/div><div class=\"vc_separator wpb_content_element vc_separator_align_center vc_sep_width_100 vc_sep_style-4 vc_sep_pos_align_center vc_separator_no_text vc_sep_color_grey\" ><span class=\"vc_sep_holder vc_sep_holder_l\"><span class=\"vc_sep_line\"><\/span><\/span><span class=\"vc_sep_holder vc_sep_holder_r\"><span class=\"vc_sep_line\"><\/span><\/span>\n<\/div>\n\t\t<\/div>\n\t<\/div>\n\t<\/div>\n\n<\/div>\n<\/div>\n\n<div  class=\"content_row row room-list vc_row wpb_row  default-style fullwidth\" >\n\t\n\t<div class=\"content_row_wrapper  fullwidth\" >\n\t<div id=\"asdasd\" class=\"vc_col-sm-12 wpb_column vc_column_container\" >\n\t<div class=\"vc_column-inner\">\n\t\t<div class=\"wpb_wrapper\" >\n\t\t\t<div class=\"google_map_holder\" data-height=\"300\" data-scope=\"#map-604520\" data-bw=\"\">\n\n\t\t\t<div id=\"map-604520\" class=\"google_map\"><\/div>\n\t\t\t<script type=\"text\/javascript\">\n\t\t\t \/* <![CDATA[ *\/ \n\t\t\t\t\/\/ Runs google maps\t\n\t\t\t\t\tjQuery(function() {\n\t\t\t\t\t\tjQuery(\"#map-604520\").rt_maps([[\"Laguna Mijas\", 36.499797382855455, -4.713162652442705, 4,\"\"],],10); \n\t\t\t\t\t});\n\t\t\t\/* ]]> *\/\t\n\t\t\t<\/script>\n\n\t\t<\/div><div class=\"vc_empty_space\"   style=\"height: 180px\"><span class=\"vc_empty_space_inner\"><\/span><\/div>\n\t<div class=\"wpb_text_column wpb_content_element\" >\n\t\t<div class=\"wpb_wrapper\">\n\t\t\t<p><strong>RIVIERA DEL SOL <\/strong>\u00c8 una zona residenziale molto popolare a Mijas, nel cuore della Costa del Sol, con ottimi collegamenti con tutte le famose citt\u00e0 costiere. In men che non si dica, si arriva a Fuengirola o Marbella, vicino alle spiagge di Calahona e La Cala de Mijas.<\/p>\n<p><strong><em>Tutto ci\u00f2 di cui hai bisogno \u00e8 raggiungibile con una breve passeggiata o in auto.<\/em><\/strong><\/p>\n\n\t\t<\/div>\n\t<\/div>\n\n\t<div  class=\"wpb_single_image wpb_content_element vc_align_center\">\n\t\t\n\t\t<figure class=\"wpb_wrapper vc_figure\">\n\t\t\t<div class=\"vc_single_image-wrapper   vc_box_border_grey\"><img fetchpriority=\"high\" decoding=\"async\" width=\"1539\" height=\"553\" src=\"https:\/\/coralmijas.com\/wp-content\/uploads\/sites\/55\/2025\/03\/stranden-los-boliches-Laguna-Mijas.jpg\" class=\"vc_single_image-img attachment-full\" alt=\"le palle - spiaggia\" title=\"spiagge-los-boliches-Laguna-Mijas\" srcset=\"https:\/\/coralmijas.com\/wp-content\/uploads\/sites\/55\/2025\/03\/stranden-los-boliches-Laguna-Mijas.jpg 1539w, https:\/\/coralmijas.com\/wp-content\/uploads\/sites\/55\/2025\/03\/stranden-los-boliches-Laguna-Mijas-300x108.jpg 300w, https:\/\/coralmijas.com\/wp-content\/uploads\/sites\/55\/2025\/03\/stranden-los-boliches-Laguna-Mijas-1024x368.jpg 1024w, https:\/\/coralmijas.com\/wp-content\/uploads\/sites\/55\/2025\/03\/stranden-los-boliches-Laguna-Mijas-768x276.jpg 768w, https:\/\/coralmijas.com\/wp-content\/uploads\/sites\/55\/2025\/03\/stranden-los-boliches-Laguna-Mijas-1536x552.jpg 1536w, https:\/\/coralmijas.com\/wp-content\/uploads\/sites\/55\/2025\/03\/stranden-los-boliches-Laguna-Mijas-18x6.jpg 18w\" sizes=\"(max-width: 1539px) 100vw, 1539px\" \/><\/div>\n\t\t<\/figure>\n\t<\/div>\n<div class=\"vc_btn3-container vc_btn3-center\" ><a class=\"vc_general vc_btn3 vc_btn3-size-md vc_btn3-shape-square vc_btn3-style-modern vc_btn3-color-warning\" href=\"https:\/\/coralmijas.com\/it\/maggiori-informazioni\/\" title=\"Maggiori informazioni\">RICHIEDI PACCHETTO INFORMAZIONI<\/a><\/div>\n\t<div class=\"wpb_text_column wpb_content_element\" >\n\t\t<div class=\"wpb_wrapper\">\n\t\t\t<h3><span style=\"font-weight: 400;\">Zona Riviera del Sol\/Mijas Costa<\/span><\/h3>\n<p><span style=\"font-weight: 400;\">Riviera del Sol \u00e8 una zona popolare e vivace di Mijas Costa, situata in posizione strategica tra le vivaci citt\u00e0 di Marbella e Fuengirola, sulla Costa del Sol in Spagna. \u00c8 nota per il suo perfetto equilibrio tra la vita rilassata della costa e i comfort moderni, rendendola una destinazione ideale sia per i residenti che per i turisti.<\/span><\/p>\n<p><span style=\"font-weight: 400;\">Di seguito troverete maggiori informazioni sulla zona:<\/span><\/p>\n<p><b>Caratteristiche generali e particolarit\u00e0:<\/b><\/p>\n<ul>\n<li style=\"font-weight: 400;\" aria-level=\"1\"><b>Posizione:<\/b><span style=\"font-weight: 400;\"> Riviera del Sol gode di una posizione elevata, che regala viste mozzafiato sul Mar Mediterraneo e sull&#039;estesa costa.<\/span><\/li>\n<li style=\"font-weight: 400;\" aria-level=\"1\"><b>Pace e vivacit\u00e0:<\/b><span style=\"font-weight: 400;\"> \u00c8 una zona tranquilla ma comunque vicina a tutti i servizi. Troverete diversi supermercati, negozi, bar e ristoranti.<\/span><\/li>\n<li style=\"font-weight: 400;\" aria-level=\"1\"><b>Accessibilit\u00e0:<\/b><span style=\"font-weight: 400;\"> La vicinanza all&#039;autostrada A-7 facilita gli spostamenti verso le citt\u00e0 vicine. L&#039;aeroporto internazionale di Malaga \u00e8 a soli 30 minuti circa, il che lo rende ideale per acquirenti internazionali ed espatriati.<\/span><\/li>\n<li style=\"font-weight: 400;\" aria-level=\"1\"><b>Infrastruttura:<\/b><span style=\"font-weight: 400;\"> L&#039;area \u00e8 oggetto di continui miglioramenti infrastrutturali, tra cui nuovi progetti ricreativi e migliori opzioni di trasporto.<\/span><\/li>\n<li style=\"font-weight: 400;\" aria-level=\"1\"><b>Adatto alle famiglie:<\/b><span style=\"font-weight: 400;\"> La Riviera del Sol offre servizi eccellenti per le famiglie, tra cui buone scuole, un sistema sanitario moderno e numerose attivit\u00e0 all&#039;aperto.<\/span><\/li>\n<\/ul>\n<p><b>Cose da vedere e da fare nella Riviera del Sol e nei dintorni:<\/b><\/p>\n<ul>\n<li style=\"font-weight: 400;\" aria-level=\"1\"><b>Paradiso del golf:<\/b><span style=\"font-weight: 400;\"> La Riviera del Sol \u00e8 un paradiso per gli amanti del golf. Confina con la famosa <\/span><b>Miraflores Golf Club<\/b><span style=\"font-weight: 400;\">, uno splendido campo da golf a 18 buche. Nelle vicinanze troverete anche altri famosi campi da golf come il Calanova Golf e il La Noria Golf.<\/span><\/li>\n<li style=\"font-weight: 400;\" aria-level=\"1\"><b>Spiagge:<\/b><span style=\"font-weight: 400;\"> La zona \u00e8 nota per le sue ampie e pulite spiagge con acqua cristallina. <\/span><b>Playa Riviera<\/b><span style=\"font-weight: 400;\"> \u00e8 una delle spiagge che si trova direttamente sull&#039;urbanizzazione Riviera del Sol ed \u00e8 relativamente tranquilla. Anche spiagge vicine come <\/span><b>Spiaggia di Cabopino<\/b><span style=\"font-weight: 400;\"> (con una famosa spiaggia per nudisti), <\/span><b>Spiaggia Reale di Playa<\/b><span style=\"font-weight: 400;\"> (nota per la sua pulizia e i suoi servizi) e le spiagge di Calahonda sono molto frequentate.<\/span><\/li>\n<li style=\"font-weight: 400;\" aria-level=\"1\"><b>Parchi acquatici:<\/b><span style=\"font-weight: 400;\"> Per le famiglie \u00e8 <\/span><b>Parco acquatico Mijas<\/b><span style=\"font-weight: 400;\"> una fantastica giornata con scivoli d&#039;acqua, piscine con onde e laghi.<\/span><\/li>\n<li style=\"font-weight: 400;\" aria-level=\"1\"><b>Camminare e andare in bicicletta:<\/b><span style=\"font-weight: 400;\"> La zona offre numerose opportunit\u00e0 per attivit\u00e0 all&#039;aperto come passeggiate a piedi e in bicicletta. Con il nuovo tratto di lungomare tra Riviera del Sol e La Cala, la bicicletta \u00e8 un modo popolare per esplorare la costa.<\/span><\/li>\n<li style=\"font-weight: 400;\" aria-level=\"1\"><b>Villaggi bianchi:<\/b><span style=\"font-weight: 400;\"> Nelle vicinanze si trova il pittoresco villaggio bianco <\/span><b>Citt\u00e0 di Mijas<\/b><span style=\"font-weight: 400;\">, nota per le sue strade affascinanti, i taxi trainati dagli asini e la vista sulla costa. Qui potrete visitare il Santuario della Virgen de la Pe\u00f1a (una cappella scavata nella roccia) e l&#039;originale Plaza de Toros, un&#039;arena ovale.<\/span><\/li>\n<li style=\"font-weight: 400;\" aria-level=\"1\"><b>Parco e Giardini della Principessa Diana:<\/b><span style=\"font-weight: 400;\"> Un parco tranquillo nella Riviera del Sol dove rilassarsi al sole.<\/span><\/li>\n<li style=\"font-weight: 400;\" aria-level=\"1\"><b>Shopping e ristoranti:<\/b><span style=\"font-weight: 400;\"> La Riviera del Sol offre una vasta gamma di ristoranti, bar e caff\u00e8, dai piatti tipici andalusi alla cucina internazionale. Sono presenti anche centri commerciali pi\u00f9 piccoli come Las Terrazas e Riviera Plaza. Per acquisti pi\u00f9 estesi, i grandi centri commerciali La Ca\u00f1ada (Marbella) e Miramar (Fuengirola) sono facilmente raggiungibili in auto.<\/span><\/li>\n<li style=\"font-weight: 400;\" aria-level=\"1\"><b>Gite di un giorno:<\/b>\n<ul>\n<li style=\"font-weight: 400;\" aria-level=\"2\"><b>Marbella e Puerto Ban\u00fas:<\/b><span style=\"font-weight: 400;\"> A soli 15 minuti di auto si trova la localit\u00e0 turistica alla moda di Marbella, con le sue boutique di lusso, i beach club e l&#039;affascinante porto turistico di Puerto Ban\u00fas.<\/span><\/li>\n<li style=\"font-weight: 400;\" aria-level=\"2\"><b>Fuengirola:<\/b><span style=\"font-weight: 400;\"> Offre un&#039;atmosfera piacevole, un lungo viale, il Castillo Sohail (un castello storico), il Bioparc (uno zoo) e numerosi negozi e ristoranti.<\/span><\/li>\n<li style=\"font-weight: 400;\" aria-level=\"2\"><b>Citt\u00e0 di Malaga:<\/b><span style=\"font-weight: 400;\"> A circa 30 minuti di auto, con attrazioni culturali come il Museo Picasso, l&#039;Alcazaba (fortezza moresca) e un vivace centro citt\u00e0.<\/span><\/li>\n<li style=\"font-weight: 400;\" aria-level=\"2\"><b>Ronda:<\/b><span style=\"font-weight: 400;\"> Famoso per il suo imponente ponte che attraversa una profonda gola e per l&#039;atmosfera storica.<\/span><\/li>\n<li style=\"font-weight: 400;\" aria-level=\"2\"><b>Caminito del Rey:<\/b><span style=\"font-weight: 400;\"> Per i viaggiatori avventurosi, uno spettacolare percorso escursionistico attraverso una gola.<\/span><\/li>\n<li style=\"font-weight: 400;\" aria-level=\"2\"><b>Gibilterra:<\/b><span style=\"font-weight: 400;\"> Un viaggio a Gibilterra offre un mix unico di cultura britannica e andalusa, con la famosa Rocca di Gibilterra e le sue scimmie bertucce.<\/span><\/li>\n<\/ul>\n<\/li>\n<\/ul>\n<p><span style=\"font-weight: 400;\">In breve, la Riviera del Sol offre un&#039;attraente combinazione di vita rilassata in spiaggia, eccellenti campi da golf e facile accesso alle vivaci citt\u00e0 e attrazioni della Costa del Sol, rendendola una localit\u00e0 ideale per una variet\u00e0 di turisti e residenti.<\/span><\/p>\n\n\t\t<\/div>\n\t<\/div>\n\n\t<div  class=\"wpb_single_image wpb_content_element vc_align_center\">\n\t\t\n\t\t<figure class=\"wpb_wrapper vc_figure\">\n\t\t\t<div class=\"vc_single_image-wrapper   vc_box_border_grey\"><img decoding=\"async\" width=\"929\" height=\"617\" src=\"https:\/\/coralmijas.com\/wp-content\/uploads\/sites\/55\/2025\/06\/miraflores-golf-club-coral-mijas.png\" class=\"vc_single_image-img attachment-full\" alt=\"club di golf\" title=\"miraflores-golf-club-coral-mijas\" srcset=\"https:\/\/coralmijas.com\/wp-content\/uploads\/sites\/55\/2025\/06\/miraflores-golf-club-coral-mijas.png 929w, https:\/\/coralmijas.com\/wp-content\/uploads\/sites\/55\/2025\/06\/miraflores-golf-club-coral-mijas-300x199.png 300w, https:\/\/coralmijas.com\/wp-content\/uploads\/sites\/55\/2025\/06\/miraflores-golf-club-coral-mijas-768x510.png 768w, https:\/\/coralmijas.com\/wp-content\/uploads\/sites\/55\/2025\/06\/miraflores-golf-club-coral-mijas-18x12.png 18w\" sizes=\"(max-width: 929px) 100vw, 929px\" \/><\/div>\n\t\t<\/figure>\n\t<\/div>\n<div class=\"vc_btn3-container vc_btn3-center\" ><a class=\"vc_general vc_btn3 vc_btn3-size-md vc_btn3-shape-square vc_btn3-style-modern vc_btn3-color-warning\" href=\"https:\/\/coralmijas.com\/it\/maggiori-informazioni\/\" title=\"Maggiori informazioni\">RICHIEDI PACCHETTO INFORMAZIONI<\/a><\/div>\n\t\t<\/div>\n\t<\/div>\n\t<\/div>\n\n<\/div>\n<\/div>\n\n<div  class=\"content_row row vc_row wpb_row  default-style fullwidth\" >\n\t\n\t<div class=\"content_row_wrapper  default\" >\n\t<div id=\"asdasd\" class=\"vc_col-sm-12 wpb_column vc_column_container\" >\n\t<div class=\"vc_column-inner\">\n\t\t<div class=\"wpb_wrapper\" >\n\t\t\t\n\t\t<\/div>\n\t<\/div>\n\t<\/div>\n\n<\/div>\n<\/div>\n<\/section>","protected":false},"excerpt":{"rendered":"<p>\u2026 <a class=\"more-link\" href=\"https:\/\/coralmijas.com\/it\/posizione\/\">Continua a leggere<\/a><\/p>","protected":false},"author":1,"featured_media":4273,"parent":0,"menu_order":5,"comment_status":"closed","ping_status":"closed","template":"","meta":{"footnotes":""},"class_list":["post-97","page","type-page","status-publish","has-post-thumbnail","hentry"],"yoast_head":"<!-- This site is optimized with the Yoast SEO plugin v26.0 - https:\/\/yoast.com\/wordpress\/plugins\/seo\/ -->\n<title>Locatie - Coral Mijas<\/title>\n<meta name=\"robots\" content=\"index, follow, max-snippet:-1, max-image-preview:large, max-video-preview:-1\" \/>\n<link rel=\"canonical\" href=\"https:\/\/coralmijas.com\/it\/posizione\/\" \/>\n<meta property=\"og:locale\" content=\"it_IT\" \/>\n<meta property=\"og:type\" content=\"article\" \/>\n<meta property=\"og:title\" content=\"Locatie - Coral Mijas\" \/>\n<meta property=\"og:url\" content=\"https:\/\/coralmijas.com\/it\/posizione\/\" \/>\n<meta property=\"og:site_name\" content=\"Coral Mijas\" \/>\n<meta property=\"article:modified_time\" content=\"2025-06-19T15:54:14+00:00\" \/>\n<meta property=\"og:image\" content=\"https:\/\/coralmijas.com\/wp-content\/uploads\/sites\/55\/2025\/06\/Aerea-1-1-scaled.jpg\" \/>\n\t<meta property=\"og:image:width\" content=\"2560\" \/>\n\t<meta property=\"og:image:height\" content=\"1350\" \/>\n\t<meta property=\"og:image:type\" content=\"image\/jpeg\" \/>\n<meta name=\"twitter:card\" content=\"summary_large_image\" \/>\n<meta name=\"twitter:label1\" content=\"Tempo di lettura stimato\" \/>\n\t<meta name=\"twitter:data1\" content=\"5 minuti\" \/>\n<script type=\"application\/ld+json\" class=\"yoast-schema-graph\">{\"@context\":\"https:\/\/schema.org\",\"@graph\":[{\"@type\":\"WebPage\",\"@id\":\"https:\/\/coralmijas.com\/locatie\/\",\"url\":\"https:\/\/coralmijas.com\/locatie\/\",\"name\":\"Locatie - Coral Mijas\",\"isPartOf\":{\"@id\":\"https:\/\/coralmijas.com\/#website\"},\"primaryImageOfPage\":{\"@id\":\"https:\/\/coralmijas.com\/locatie\/#primaryimage\"},\"image\":{\"@id\":\"https:\/\/coralmijas.com\/locatie\/#primaryimage\"},\"thumbnailUrl\":\"https:\/\/coralmijas.com\/wp-content\/uploads\/sites\/55\/2025\/06\/Aerea-1-1-scaled.jpg\",\"datePublished\":\"2022-01-27T10:58:35+00:00\",\"dateModified\":\"2025-06-19T15:54:14+00:00\",\"breadcrumb\":{\"@id\":\"https:\/\/coralmijas.com\/locatie\/#breadcrumb\"},\"inLanguage\":\"it-IT\",\"potentialAction\":[{\"@type\":\"ReadAction\",\"target\":[\"https:\/\/coralmijas.com\/locatie\/\"]}]},{\"@type\":\"ImageObject\",\"inLanguage\":\"it-IT\",\"@id\":\"https:\/\/coralmijas.com\/locatie\/#primaryimage\",\"url\":\"https:\/\/coralmijas.com\/wp-content\/uploads\/sites\/55\/2025\/06\/Aerea-1-1-scaled.jpg\",\"contentUrl\":\"https:\/\/coralmijas.com\/wp-content\/uploads\/sites\/55\/2025\/06\/Aerea-1-1-scaled.jpg\",\"width\":2560,\"height\":1350},{\"@type\":\"BreadcrumbList\",\"@id\":\"https:\/\/coralmijas.com\/locatie\/#breadcrumb\",\"itemListElement\":[{\"@type\":\"ListItem\",\"position\":1,\"name\":\"Home\",\"item\":\"https:\/\/coralmijas.com\/\"},{\"@type\":\"ListItem\",\"position\":2,\"name\":\"Locatie\"}]},{\"@type\":\"WebSite\",\"@id\":\"https:\/\/coralmijas.com\/#website\",\"url\":\"https:\/\/coralmijas.com\/\",\"name\":\"Coral Mijas\",\"description\":\"Nieuwbouw Riviera del Sol - Mijas Costa\",\"potentialAction\":[{\"@type\":\"SearchAction\",\"target\":{\"@type\":\"EntryPoint\",\"urlTemplate\":\"https:\/\/coralmijas.com\/?s={search_term_string}\"},\"query-input\":{\"@type\":\"PropertyValueSpecification\",\"valueRequired\":true,\"valueName\":\"search_term_string\"}}],\"inLanguage\":\"it-IT\"}]}<\/script>\n<!-- \/ Yoast SEO plugin. -->","yoast_head_json":{"title":"Posizione - Coral Mijas","robots":{"index":"index","follow":"follow","max-snippet":"max-snippet:-1","max-image-preview":"max-image-preview:large","max-video-preview":"max-video-preview:-1"},"canonical":"https:\/\/coralmijas.com\/it\/posizione\/","og_locale":"it_IT","og_type":"article","og_title":"Locatie - Coral Mijas","og_url":"https:\/\/coralmijas.com\/it\/posizione\/","og_site_name":"Coral Mijas","article_modified_time":"2025-06-19T15:54:14+00:00","og_image":[{"width":2560,"height":1350,"url":"https:\/\/coralmijas.com\/wp-content\/uploads\/sites\/55\/2025\/06\/Aerea-1-1-scaled.jpg","type":"image\/jpeg"}],"twitter_card":"summary_large_image","twitter_misc":{"Tempo di lettura stimato":"5 minuti"},"schema":{"@context":"https:\/\/schema.org","@graph":[{"@type":"WebPage","@id":"https:\/\/coralmijas.com\/locatie\/","url":"https:\/\/coralmijas.com\/locatie\/","name":"Posizione - Coral Mijas","isPartOf":{"@id":"https:\/\/coralmijas.com\/#website"},"primaryImageOfPage":{"@id":"https:\/\/coralmijas.com\/locatie\/#primaryimage"},"image":{"@id":"https:\/\/coralmijas.com\/locatie\/#primaryimage"},"thumbnailUrl":"https:\/\/coralmijas.com\/wp-content\/uploads\/sites\/55\/2025\/06\/Aerea-1-1-scaled.jpg","datePublished":"2022-01-27T10:58:35+00:00","dateModified":"2025-06-19T15:54:14+00:00","breadcrumb":{"@id":"https:\/\/coralmijas.com\/locatie\/#breadcrumb"},"inLanguage":"it-IT","potentialAction":[{"@type":"ReadAction","target":["https:\/\/coralmijas.com\/locatie\/"]}]},{"@type":"ImageObject","inLanguage":"it-IT","@id":"https:\/\/coralmijas.com\/locatie\/#primaryimage","url":"https:\/\/coralmijas.com\/wp-content\/uploads\/sites\/55\/2025\/06\/Aerea-1-1-scaled.jpg","contentUrl":"https:\/\/coralmijas.com\/wp-content\/uploads\/sites\/55\/2025\/06\/Aerea-1-1-scaled.jpg","width":2560,"height":1350},{"@type":"BreadcrumbList","@id":"https:\/\/coralmijas.com\/locatie\/#breadcrumb","itemListElement":[{"@type":"ListItem","position":1,"name":"Home","item":"https:\/\/coralmijas.com\/"},{"@type":"ListItem","position":2,"name":"Locatie"}]},{"@type":"WebSite","@id":"https:\/\/coralmijas.com\/#website","url":"https:\/\/coralmijas.com\/","name":"Corallo Mijas","description":"Nuova costruzione Riviera del Sol - Mijas Costa","potentialAction":[{"@type":"SearchAction","target":{"@type":"EntryPoint","urlTemplate":"https:\/\/coralmijas.com\/?s={search_term_string}"},"query-input":{"@type":"PropertyValueSpecification","valueRequired":true,"valueName":"search_term_string"}}],"inLanguage":"it-IT"}]}},"_links":{"self":[{"href":"https:\/\/coralmijas.com\/it\/wp-json\/wp\/v2\/pages\/97","targetHints":{"allow":["GET"]}}],"collection":[{"href":"https:\/\/coralmijas.com\/it\/wp-json\/wp\/v2\/pages"}],"about":[{"href":"https:\/\/coralmijas.com\/it\/wp-json\/wp\/v2\/types\/page"}],"author":[{"embeddable":true,"href":"https:\/\/coralmijas.com\/it\/wp-json\/wp\/v2\/users\/1"}],"replies":[{"embeddable":true,"href":"https:\/\/coralmijas.com\/it\/wp-json\/wp\/v2\/comments?post=97"}],"version-history":[{"count":27,"href":"https:\/\/coralmijas.com\/it\/wp-json\/wp\/v2\/pages\/97\/revisions"}],"predecessor-version":[{"id":4313,"href":"https:\/\/coralmijas.com\/it\/wp-json\/wp\/v2\/pages\/97\/revisions\/4313"}],"wp:featuredmedia":[{"embeddable":true,"href":"https:\/\/coralmijas.com\/it\/wp-json\/wp\/v2\/media\/4273"}],"wp:attachment":[{"href":"https:\/\/coralmijas.com\/it\/wp-json\/wp\/v2\/media?parent=97"}],"curies":[{"name":"wp","href":"https:\/\/api.w.org\/{rel}","templated":true}]}}