{"id":97,"date":"2022-01-27T10:58:35","date_gmt":"2022-01-27T10:58:35","guid":{"rendered":"http:\/\/cognito.mprinsdesign.nl\/?page_id=97"},"modified":"2025-06-19T15:54:14","modified_gmt":"2025-06-19T15:54:14","slug":"lokalizacja","status":"publish","type":"page","link":"https:\/\/coralmijas.com\/pl\/lokalizacja\/","title":{"rendered":"Lokalizacja"},"content":{"rendered":"<section class=\"wpb-content-wrapper\"><div  class=\"content_row row page-content vc_row wpb_row  default-style fullwidth\" >\n\t\n\t<div class=\"content_row_wrapper  default\" >\n\t<div id=\"asdasd\" class=\"vc_col-sm-12 wpb_column vc_column_container\" >\n\t<div class=\"vc_column-inner\">\n\t\t<div class=\"wpb_wrapper\" >\n\t\t\t<div class=\"rt_heading_wrapper no-style\">\n\t\t\t\t\t\t<h1 class=\"rt_heading  no-style\"  style=\"font-size:24px;margin-top:24px;margin-bottom:0px;\">Lokalizacja - <span class=\"after_h1\">Laguna One Mijas<\/span><\/h1> \n\t\t\t\t\t<\/div><div class=\"vc_empty_space\"   style=\"height: 32px\"><span class=\"vc_empty_space_inner\"><\/span><\/div><div class=\"vc_separator wpb_content_element vc_separator_align_center vc_sep_width_100 vc_sep_style-4 vc_sep_pos_align_center vc_separator_no_text vc_sep_color_grey\" ><span class=\"vc_sep_holder vc_sep_holder_l\"><span class=\"vc_sep_line\"><\/span><\/span><span class=\"vc_sep_holder vc_sep_holder_r\"><span class=\"vc_sep_line\"><\/span><\/span>\n<\/div>\n\t\t<\/div>\n\t<\/div>\n\t<\/div>\n\n<\/div>\n<\/div>\n\n<div  class=\"content_row row room-list vc_row wpb_row  default-style fullwidth\" >\n\t\n\t<div class=\"content_row_wrapper  fullwidth\" >\n\t<div id=\"asdasd\" class=\"vc_col-sm-12 wpb_column vc_column_container\" >\n\t<div class=\"vc_column-inner\">\n\t\t<div class=\"wpb_wrapper\" >\n\t\t\t<div class=\"google_map_holder\" data-height=\"300\" data-scope=\"#map-801449\" data-bw=\"\">\n\n\t\t\t<div id=\"map-801449\" class=\"google_map\"><\/div>\n\t\t\t<script type=\"text\/javascript\">\n\t\t\t \/* <![CDATA[ *\/ \n\t\t\t\t\/\/ Runs google maps\t\n\t\t\t\t\tjQuery(function() {\n\t\t\t\t\t\tjQuery(\"#map-801449\").rt_maps([[\"Laguna Mijas\", 36.499797382855455, -4.713162652442705, 4,\"\"],],10); \n\t\t\t\t\t});\n\t\t\t\/* ]]> *\/\t\n\t\t\t<\/script>\n\n\t\t<\/div><div class=\"vc_empty_space\"   style=\"height: 180px\"><span class=\"vc_empty_space_inner\"><\/span><\/div>\n\t<div class=\"wpb_text_column wpb_content_element\" >\n\t\t<div class=\"wpb_wrapper\">\n\t\t\t<p><strong>RIWIERA DEL SOL <\/strong>jest bardzo popularn\u0105 dzielnic\u0105 mieszkaniow\u0105 w Mijas, w \u015brodku Costa del Sol, z bardzo dobrym po\u0142\u0105czeniem do wszystkich s\u0142ynnych nadmorskich miast. W mgnieniu oka znajdziesz si\u0119 w Fuengiroli lub Marbelli, blisko pla\u017c Calahona i La Cala de Mijas.<\/p>\n<p><strong><em>Wszystko, czego potrzebujesz, znajduje si\u0119 w odleg\u0142o\u015bci kr\u00f3tkiego spaceru lub jazdy samochodem.<\/em><\/strong><\/p>\n\n\t\t<\/div>\n\t<\/div>\n\n\t<div  class=\"wpb_single_image wpb_content_element vc_align_center\">\n\t\t\n\t\t<figure class=\"wpb_wrapper vc_figure\">\n\t\t\t<div class=\"vc_single_image-wrapper   vc_box_border_grey\"><img fetchpriority=\"high\" decoding=\"async\" width=\"1539\" height=\"553\" src=\"https:\/\/coralmijas.com\/wp-content\/uploads\/sites\/55\/2025\/03\/stranden-los-boliches-Laguna-Mijas.jpg\" class=\"vc_single_image-img attachment-full\" alt=\"pi\u0142ki - pla\u017ca\" title=\"pla\u017ce-los-boliches-Laguna-Mijas\" srcset=\"https:\/\/coralmijas.com\/wp-content\/uploads\/sites\/55\/2025\/03\/stranden-los-boliches-Laguna-Mijas.jpg 1539w, https:\/\/coralmijas.com\/wp-content\/uploads\/sites\/55\/2025\/03\/stranden-los-boliches-Laguna-Mijas-300x108.jpg 300w, https:\/\/coralmijas.com\/wp-content\/uploads\/sites\/55\/2025\/03\/stranden-los-boliches-Laguna-Mijas-1024x368.jpg 1024w, https:\/\/coralmijas.com\/wp-content\/uploads\/sites\/55\/2025\/03\/stranden-los-boliches-Laguna-Mijas-768x276.jpg 768w, https:\/\/coralmijas.com\/wp-content\/uploads\/sites\/55\/2025\/03\/stranden-los-boliches-Laguna-Mijas-1536x552.jpg 1536w, https:\/\/coralmijas.com\/wp-content\/uploads\/sites\/55\/2025\/03\/stranden-los-boliches-Laguna-Mijas-18x6.jpg 18w\" sizes=\"(max-width: 1539px) 100vw, 1539px\" \/><\/div>\n\t\t<\/figure>\n\t<\/div>\n<div class=\"vc_btn3-container vc_btn3-center\" ><a class=\"vc_general vc_btn3 vc_btn3-size-md vc_btn3-shape-square vc_btn3-style-modern vc_btn3-color-warning\" href=\"https:\/\/coralmijas.com\/pl\/wiecej-informacji\/\" title=\"Wi\u0119cej informacji\">POPRO\u015a O PAKIET INFORMACYJNY<\/a><\/div>\n\t<div class=\"wpb_text_column wpb_content_element\" >\n\t\t<div class=\"wpb_wrapper\">\n\t\t\t<h3><span style=\"font-weight: 400;\">Obszar Riviera del Sol\/Mijas Costa<\/span><\/h3>\n<p><span style=\"font-weight: 400;\">Riviera del Sol to popularna i t\u0119tni\u0105ca \u017cyciem okolica w Mijas Costa, strategicznie po\u0142o\u017cona mi\u0119dzy gwarnymi miastami Marbella i Fuengirola na Costa del Sol w Hiszpanii. Jest znana z doskona\u0142ej r\u00f3wnowagi mi\u0119dzy zrelaksowanym \u017cyciem nadmorskim a nowoczesnymi udogodnieniami, co czyni j\u0105 idealnym miejscem zar\u00f3wno dla sta\u0142ych mieszka\u0144c\u00f3w, jak i wczasowicz\u00f3w.<\/span><\/p>\n<p><span style=\"font-weight: 400;\">Poni\u017cej znajdziesz wi\u0119cej informacji o tym obszarze:<\/span><\/p>\n<p><b>Charakterystyka og\u00f3lna i cechy szczeg\u00f3lne:<\/b><\/p>\n<ul>\n<li style=\"font-weight: 400;\" aria-level=\"1\"><b>Lokalizacja:<\/b><span style=\"font-weight: 400;\"> Riviera del Sol po\u0142o\u017cona jest na wzniesieniu, dzi\u0119ki czemu zapewnia wspania\u0142e widoki na Morze \u015ar\u00f3dziemne i rozleg\u0142\u0105 lini\u0119 brzegow\u0105.<\/span><\/li>\n<li style=\"font-weight: 400;\" aria-level=\"1\"><b>Pok\u00f3j i \u017cywotno\u015b\u0107:<\/b><span style=\"font-weight: 400;\"> To cicha okolica, kt\u00f3ra jest nadal blisko wszystkich udogodnie\u0144. Znajdziesz tu kilka supermarket\u00f3w, sklep\u00f3w, bar\u00f3w i restauracji.<\/span><\/li>\n<li style=\"font-weight: 400;\" aria-level=\"1\"><b>Dost\u0119pno\u015b\u0107:<\/b><span style=\"font-weight: 400;\"> Blisko\u015b\u0107 autostrady A-7 u\u0142atwia podr\u00f3\u017cowanie do pobliskich miast. Mi\u0119dzynarodowe lotnisko w Maladze jest oddalone o zaledwie 30 minut, co czyni je idealnym miejscem dla mi\u0119dzynarodowych kupuj\u0105cych i ekspat\u00f3w.<\/span><\/li>\n<li style=\"font-weight: 400;\" aria-level=\"1\"><b>Infrastruktura:<\/b><span style=\"font-weight: 400;\"> Na tym obszarze trwaj\u0105 prace nad udoskonaleniem infrastruktury, obejmuj\u0105ce nowe projekty rekreacyjne i popraw\u0119 opcji transportowych.<\/span><\/li>\n<li style=\"font-weight: 400;\" aria-level=\"1\"><b>Przyjazne rodzinie:<\/b><span style=\"font-weight: 400;\"> Riviera del Sol oferuje doskona\u0142e udogodnienia dla rodzin, w tym dobre szko\u0142y, nowoczesn\u0105 opiek\u0119 zdrowotn\u0105 i mn\u00f3stwo zaj\u0119\u0107 na \u015bwie\u017cym powietrzu.<\/span><\/li>\n<\/ul>\n<p><b>Rzeczy, kt\u00f3re warto zobaczy\u0107 i zrobi\u0107 w Riwierze del Sol i okolicy:<\/b><\/p>\n<ul>\n<li style=\"font-weight: 400;\" aria-level=\"1\"><b>Raj golfowy:<\/b><span style=\"font-weight: 400;\"> Riviera del Sol to raj dla mi\u0142o\u015bnik\u00f3w golfa. Graniczy z popularnym <\/span><b>Klub golfowy Miraflores<\/b><span style=\"font-weight: 400;\">, pi\u0119kne 18-do\u0142kowe pole golfowe. W pobli\u017cu znajduj\u0105 si\u0119 r\u00f3wnie\u017c inne s\u0142ynne pola golfowe, takie jak Calanova Golf i La Noria Golf.<\/span><\/li>\n<li style=\"font-weight: 400;\" aria-level=\"1\"><b>Pla\u017ce:<\/b><span style=\"font-weight: 400;\"> Obszar ten s\u0142ynie z szerokich i czystych pla\u017c z krystalicznie czyst\u0105 wod\u0105. <\/span><b>Pla\u017ca Riwiera<\/b><span style=\"font-weight: 400;\"> jest jedn\u0105 z pla\u017c, kt\u00f3ra znajduje si\u0119 bezpo\u015brednio na urbanizacji Riviera del Sol i jest stosunkowo cicha. R\u00f3wnie\u017c w pobli\u017cu znajduj\u0105 si\u0119 pla\u017ce takie jak <\/span><b>Pla\u017ca Cabopino<\/b><span style=\"font-weight: 400;\"> (z popularn\u0105 pla\u017c\u0105 dla nudyst\u00f3w), <\/span><b>Pla\u017ca Royal<\/b><span style=\"font-weight: 400;\"> (znane z czysto\u015bci i udogodnie\u0144) i pla\u017ce Calahonda ciesz\u0105 si\u0119 popularno\u015bci\u0105.<\/span><\/li>\n<li style=\"font-weight: 400;\" aria-level=\"1\"><b>Parki wodne:<\/b><span style=\"font-weight: 400;\"> Dla rodzin to jest <\/span><b>Park wodny Mijas<\/b><span style=\"font-weight: 400;\"> wspania\u0142y dzie\u0144 na zje\u017cd\u017calniach wodnych, basenach ze sztucznymi falami i jeziorach.<\/span><\/li>\n<li style=\"font-weight: 400;\" aria-level=\"1\"><b>Piesze w\u0119dr\u00f3wki i jazda na rowerze:<\/b><span style=\"font-weight: 400;\"> Obszar ten oferuje wiele mo\u017cliwo\u015bci aktywno\u015bci na \u015bwie\u017cym powietrzu, takich jak spacery i jazda na rowerze. Dzi\u0119ki nowej cz\u0119\u015bci promenady mi\u0119dzy Riviera del Sol i La Cala jazda na rowerze jest popularnym sposobem na zwiedzanie wybrze\u017ca.<\/span><\/li>\n<li style=\"font-weight: 400;\" aria-level=\"1\"><b>Bia\u0142e wioski:<\/b><span style=\"font-weight: 400;\"> W pobli\u017cu znajduje si\u0119 malownicza bia\u0142a wioska <\/span><b>Miasto Mijas<\/b><span style=\"font-weight: 400;\">, znane z uroczych uliczek, os\u0142\u00f3w taks\u00f3wek i widok\u00f3w na wybrze\u017ce. Tutaj mo\u017cesz odwiedzi\u0107 Santuario de la Virgen de la Pe\u00f1a (kaplic\u0119 wykut\u0105 w skale) i unikaln\u0105 owaln\u0105 aren\u0119 walk byk\u00f3w Plaza de Toros.<\/span><\/li>\n<li style=\"font-weight: 400;\" aria-level=\"1\"><b>Park i Ogrody Ksi\u0119\u017cnej Diany:<\/b><span style=\"font-weight: 400;\"> Spokojny park w Riwierze del Sol, w kt\u00f3rym mo\u017cna odpocz\u0105\u0107 w s\u0142o\u0144cu.<\/span><\/li>\n<li style=\"font-weight: 400;\" aria-level=\"1\"><b>Zakupy i restauracje:<\/b><span style=\"font-weight: 400;\"> Riviera del Sol oferuje szeroki wyb\u00f3r restauracji, bar\u00f3w i kawiarni, od lokalnych da\u0144 andaluzyjskich po kuchni\u0119 mi\u0119dzynarodow\u0105. S\u0105 mniejsze centra handlowe, takie jak Las Terrazas i Riviera Plaza. Na bardziej rozleg\u0142e zakupy mo\u017cna wybra\u0107 si\u0119 do du\u017cych centr\u00f3w handlowych La Ca\u00f1ada (Marbella) i Miramar (Fuengirola), kt\u00f3re znajduj\u0105 si\u0119 w niewielkiej odleg\u0142o\u015bci jazdy samochodem.<\/span><\/li>\n<li style=\"font-weight: 400;\" aria-level=\"1\"><b>Wycieczki jednodniowe:<\/b>\n<ul>\n<li style=\"font-weight: 400;\" aria-level=\"2\"><b>Marbella i Puerto Ban\u00fas:<\/b><span style=\"font-weight: 400;\"> Zaledwie 15 minut jazdy samochodem dzieli Ci\u0119 od modnego kurortu Marbella z luksusowymi butikami, klubami pla\u017cowymi i ol\u015bniewaj\u0105c\u0105 marin\u0105 Puerto Ban\u00fas.<\/span><\/li>\n<li style=\"font-weight: 400;\" aria-level=\"2\"><b>Fuengirola:<\/b><span style=\"font-weight: 400;\"> Oferuje mi\u0142\u0105 atmosfer\u0119, d\u0142ugi bulwar, Castillo Sohail (zabytkowy zamek), Bioparc (zoo) oraz kilka sklep\u00f3w i restauracji.<\/span><\/li>\n<li style=\"font-weight: 400;\" aria-level=\"2\"><b>Miasto Malaga:<\/b><span style=\"font-weight: 400;\"> Oko\u0142o 30 minut jazdy samochodem, w pobli\u017cu atrakcji kulturalnych, takich jak Muzeum Picassa, Alcazaba (twierdza Maur\u00f3w) i t\u0119tni\u0105ce \u017cyciem centrum miasta.<\/span><\/li>\n<li style=\"font-weight: 400;\" aria-level=\"2\"><b>Ronda:<\/b><span style=\"font-weight: 400;\"> S\u0142ynne z imponuj\u0105cego mostu nad g\u0142\u0119bokim w\u0105wozem i historycznej atmosfery.<\/span><\/li>\n<li style=\"font-weight: 400;\" aria-level=\"2\"><b>Droga Kr\u00f3la:<\/b><span style=\"font-weight: 400;\"> Dla podr\u00f3\u017cnik\u00f3w lubi\u0105cych przygody przygotowali\u015bmy spektakularny szlak turystyczny biegn\u0105cy przez w\u0105w\u00f3z.<\/span><\/li>\n<li style=\"font-weight: 400;\" aria-level=\"2\"><b>Gibraltar:<\/b><span style=\"font-weight: 400;\"> Wycieczka do Gibraltaru oferuje niepowtarzaln\u0105 mieszank\u0119 kultury brytyjskiej i andaluzyjskiej, ze s\u0142ynn\u0105 Ska\u0142\u0105 Gibraltarsk\u0105 i \u017cyj\u0105cymi tam ma\u0142pami berberyjskimi.<\/span><\/li>\n<\/ul>\n<\/li>\n<\/ul>\n<p><span style=\"font-weight: 400;\">Kr\u00f3tko m\u00f3wi\u0105c, Riviera del Sol oferuje atrakcyjne po\u0142\u0105czenie relaksuj\u0105cego \u017cycia na pla\u017cy, doskona\u0142ych warunk\u00f3w do gry w golfa i \u0142atwego dost\u0119pu do t\u0119tni\u0105cych \u017cyciem miast i atrakcji Costa del Sol, co czyni j\u0105 idealn\u0105 lokalizacj\u0105 dla szerokiego grona wczasowicz\u00f3w i mieszka\u0144c\u00f3w.<\/span><\/p>\n\n\t\t<\/div>\n\t<\/div>\n\n\t<div  class=\"wpb_single_image wpb_content_element vc_align_center\">\n\t\t\n\t\t<figure class=\"wpb_wrapper vc_figure\">\n\t\t\t<div class=\"vc_single_image-wrapper   vc_box_border_grey\"><img decoding=\"async\" width=\"929\" height=\"617\" src=\"https:\/\/coralmijas.com\/wp-content\/uploads\/sites\/55\/2025\/06\/miraflores-golf-club-coral-mijas.png\" class=\"vc_single_image-img attachment-full\" alt=\"kij golfowy\" title=\"miraflores-golf-club-coral-mijas\" srcset=\"https:\/\/coralmijas.com\/wp-content\/uploads\/sites\/55\/2025\/06\/miraflores-golf-club-coral-mijas.png 929w, https:\/\/coralmijas.com\/wp-content\/uploads\/sites\/55\/2025\/06\/miraflores-golf-club-coral-mijas-300x199.png 300w, https:\/\/coralmijas.com\/wp-content\/uploads\/sites\/55\/2025\/06\/miraflores-golf-club-coral-mijas-768x510.png 768w, https:\/\/coralmijas.com\/wp-content\/uploads\/sites\/55\/2025\/06\/miraflores-golf-club-coral-mijas-18x12.png 18w\" sizes=\"(max-width: 929px) 100vw, 929px\" \/><\/div>\n\t\t<\/figure>\n\t<\/div>\n<div class=\"vc_btn3-container vc_btn3-center\" ><a class=\"vc_general vc_btn3 vc_btn3-size-md vc_btn3-shape-square vc_btn3-style-modern vc_btn3-color-warning\" href=\"https:\/\/coralmijas.com\/pl\/wiecej-informacji\/\" title=\"Wi\u0119cej informacji\">POPRO\u015a O PAKIET INFORMACYJNY<\/a><\/div>\n\t\t<\/div>\n\t<\/div>\n\t<\/div>\n\n<\/div>\n<\/div>\n\n<div  class=\"content_row row vc_row wpb_row  default-style fullwidth\" >\n\t\n\t<div class=\"content_row_wrapper  default\" >\n\t<div id=\"asdasd\" class=\"vc_col-sm-12 wpb_column vc_column_container\" >\n\t<div class=\"vc_column-inner\">\n\t\t<div class=\"wpb_wrapper\" >\n\t\t\t\n\t\t<\/div>\n\t<\/div>\n\t<\/div>\n\n<\/div>\n<\/div>\n<\/section>","protected":false},"excerpt":{"rendered":"<p>\u2026 <a class=\"more-link\" href=\"https:\/\/coralmijas.com\/pl\/lokalizacja\/\">Kontynuuj czytanie<\/a><\/p>","protected":false},"author":1,"featured_media":4273,"parent":0,"menu_order":5,"comment_status":"closed","ping_status":"closed","template":"","meta":{"footnotes":""},"class_list":["post-97","page","type-page","status-publish","has-post-thumbnail","hentry"],"yoast_head":"<!-- This site is optimized with the Yoast SEO plugin v26.0 - https:\/\/yoast.com\/wordpress\/plugins\/seo\/ -->\n<title>Locatie - Coral Mijas<\/title>\n<meta name=\"robots\" content=\"index, follow, max-snippet:-1, max-image-preview:large, max-video-preview:-1\" \/>\n<link rel=\"canonical\" href=\"https:\/\/coralmijas.com\/pl\/lokalizacja\/\" \/>\n<meta property=\"og:locale\" content=\"pl_PL\" \/>\n<meta property=\"og:type\" content=\"article\" \/>\n<meta property=\"og:title\" content=\"Locatie - Coral Mijas\" \/>\n<meta property=\"og:url\" content=\"https:\/\/coralmijas.com\/pl\/lokalizacja\/\" \/>\n<meta property=\"og:site_name\" content=\"Coral Mijas\" \/>\n<meta property=\"article:modified_time\" content=\"2025-06-19T15:54:14+00:00\" \/>\n<meta property=\"og:image\" content=\"https:\/\/coralmijas.com\/wp-content\/uploads\/sites\/55\/2025\/06\/Aerea-1-1-scaled.jpg\" \/>\n\t<meta property=\"og:image:width\" content=\"2560\" \/>\n\t<meta property=\"og:image:height\" content=\"1350\" \/>\n\t<meta property=\"og:image:type\" content=\"image\/jpeg\" \/>\n<meta name=\"twitter:card\" content=\"summary_large_image\" \/>\n<meta name=\"twitter:label1\" content=\"Szacowany czas czytania\" \/>\n\t<meta name=\"twitter:data1\" content=\"5 minut\" \/>\n<script type=\"application\/ld+json\" class=\"yoast-schema-graph\">{\"@context\":\"https:\/\/schema.org\",\"@graph\":[{\"@type\":\"WebPage\",\"@id\":\"https:\/\/coralmijas.com\/locatie\/\",\"url\":\"https:\/\/coralmijas.com\/locatie\/\",\"name\":\"Locatie - Coral Mijas\",\"isPartOf\":{\"@id\":\"https:\/\/coralmijas.com\/#website\"},\"primaryImageOfPage\":{\"@id\":\"https:\/\/coralmijas.com\/locatie\/#primaryimage\"},\"image\":{\"@id\":\"https:\/\/coralmijas.com\/locatie\/#primaryimage\"},\"thumbnailUrl\":\"https:\/\/coralmijas.com\/wp-content\/uploads\/sites\/55\/2025\/06\/Aerea-1-1-scaled.jpg\",\"datePublished\":\"2022-01-27T10:58:35+00:00\",\"dateModified\":\"2025-06-19T15:54:14+00:00\",\"breadcrumb\":{\"@id\":\"https:\/\/coralmijas.com\/locatie\/#breadcrumb\"},\"inLanguage\":\"pl-PL\",\"potentialAction\":[{\"@type\":\"ReadAction\",\"target\":[\"https:\/\/coralmijas.com\/locatie\/\"]}]},{\"@type\":\"ImageObject\",\"inLanguage\":\"pl-PL\",\"@id\":\"https:\/\/coralmijas.com\/locatie\/#primaryimage\",\"url\":\"https:\/\/coralmijas.com\/wp-content\/uploads\/sites\/55\/2025\/06\/Aerea-1-1-scaled.jpg\",\"contentUrl\":\"https:\/\/coralmijas.com\/wp-content\/uploads\/sites\/55\/2025\/06\/Aerea-1-1-scaled.jpg\",\"width\":2560,\"height\":1350},{\"@type\":\"BreadcrumbList\",\"@id\":\"https:\/\/coralmijas.com\/locatie\/#breadcrumb\",\"itemListElement\":[{\"@type\":\"ListItem\",\"position\":1,\"name\":\"Home\",\"item\":\"https:\/\/coralmijas.com\/\"},{\"@type\":\"ListItem\",\"position\":2,\"name\":\"Locatie\"}]},{\"@type\":\"WebSite\",\"@id\":\"https:\/\/coralmijas.com\/#website\",\"url\":\"https:\/\/coralmijas.com\/\",\"name\":\"Coral Mijas\",\"description\":\"Nieuwbouw Riviera del Sol - Mijas Costa\",\"potentialAction\":[{\"@type\":\"SearchAction\",\"target\":{\"@type\":\"EntryPoint\",\"urlTemplate\":\"https:\/\/coralmijas.com\/?s={search_term_string}\"},\"query-input\":{\"@type\":\"PropertyValueSpecification\",\"valueRequired\":true,\"valueName\":\"search_term_string\"}}],\"inLanguage\":\"pl-PL\"}]}<\/script>\n<!-- \/ Yoast SEO plugin. -->","yoast_head_json":{"title":"Lokalizacja - Coral Mijas","robots":{"index":"index","follow":"follow","max-snippet":"max-snippet:-1","max-image-preview":"max-image-preview:large","max-video-preview":"max-video-preview:-1"},"canonical":"https:\/\/coralmijas.com\/pl\/lokalizacja\/","og_locale":"pl_PL","og_type":"article","og_title":"Locatie - Coral Mijas","og_url":"https:\/\/coralmijas.com\/pl\/lokalizacja\/","og_site_name":"Coral Mijas","article_modified_time":"2025-06-19T15:54:14+00:00","og_image":[{"width":2560,"height":1350,"url":"https:\/\/coralmijas.com\/wp-content\/uploads\/sites\/55\/2025\/06\/Aerea-1-1-scaled.jpg","type":"image\/jpeg"}],"twitter_card":"summary_large_image","twitter_misc":{"Szacowany czas czytania":"5 minut"},"schema":{"@context":"https:\/\/schema.org","@graph":[{"@type":"WebPage","@id":"https:\/\/coralmijas.com\/locatie\/","url":"https:\/\/coralmijas.com\/locatie\/","name":"Lokalizacja - Coral Mijas","isPartOf":{"@id":"https:\/\/coralmijas.com\/#website"},"primaryImageOfPage":{"@id":"https:\/\/coralmijas.com\/locatie\/#primaryimage"},"image":{"@id":"https:\/\/coralmijas.com\/locatie\/#primaryimage"},"thumbnailUrl":"https:\/\/coralmijas.com\/wp-content\/uploads\/sites\/55\/2025\/06\/Aerea-1-1-scaled.jpg","datePublished":"2022-01-27T10:58:35+00:00","dateModified":"2025-06-19T15:54:14+00:00","breadcrumb":{"@id":"https:\/\/coralmijas.com\/locatie\/#breadcrumb"},"inLanguage":"pl-PL","potentialAction":[{"@type":"ReadAction","target":["https:\/\/coralmijas.com\/locatie\/"]}]},{"@type":"ImageObject","inLanguage":"pl-PL","@id":"https:\/\/coralmijas.com\/locatie\/#primaryimage","url":"https:\/\/coralmijas.com\/wp-content\/uploads\/sites\/55\/2025\/06\/Aerea-1-1-scaled.jpg","contentUrl":"https:\/\/coralmijas.com\/wp-content\/uploads\/sites\/55\/2025\/06\/Aerea-1-1-scaled.jpg","width":2560,"height":1350},{"@type":"BreadcrumbList","@id":"https:\/\/coralmijas.com\/locatie\/#breadcrumb","itemListElement":[{"@type":"ListItem","position":1,"name":"Home","item":"https:\/\/coralmijas.com\/"},{"@type":"ListItem","position":2,"name":"Locatie"}]},{"@type":"WebSite","@id":"https:\/\/coralmijas.com\/#website","url":"https:\/\/coralmijas.com\/","name":"Koralowe Mijas","description":"Nowa konstrukcja Riviera del Sol - Mijas Costa","potentialAction":[{"@type":"SearchAction","target":{"@type":"EntryPoint","urlTemplate":"https:\/\/coralmijas.com\/?s={search_term_string}"},"query-input":{"@type":"PropertyValueSpecification","valueRequired":true,"valueName":"search_term_string"}}],"inLanguage":"pl-PL"}]}},"_links":{"self":[{"href":"https:\/\/coralmijas.com\/pl\/wp-json\/wp\/v2\/pages\/97","targetHints":{"allow":["GET"]}}],"collection":[{"href":"https:\/\/coralmijas.com\/pl\/wp-json\/wp\/v2\/pages"}],"about":[{"href":"https:\/\/coralmijas.com\/pl\/wp-json\/wp\/v2\/types\/page"}],"author":[{"embeddable":true,"href":"https:\/\/coralmijas.com\/pl\/wp-json\/wp\/v2\/users\/1"}],"replies":[{"embeddable":true,"href":"https:\/\/coralmijas.com\/pl\/wp-json\/wp\/v2\/comments?post=97"}],"version-history":[{"count":27,"href":"https:\/\/coralmijas.com\/pl\/wp-json\/wp\/v2\/pages\/97\/revisions"}],"predecessor-version":[{"id":4313,"href":"https:\/\/coralmijas.com\/pl\/wp-json\/wp\/v2\/pages\/97\/revisions\/4313"}],"wp:featuredmedia":[{"embeddable":true,"href":"https:\/\/coralmijas.com\/pl\/wp-json\/wp\/v2\/media\/4273"}],"wp:attachment":[{"href":"https:\/\/coralmijas.com\/pl\/wp-json\/wp\/v2\/media?parent=97"}],"curies":[{"name":"wp","href":"https:\/\/api.w.org\/{rel}","templated":true}]}}